{"id":205,"date":"2023-07-17T13:34:59","date_gmt":"2023-07-17T11:34:59","guid":{"rendered":"http:\/\/guia-practicum-formacio-professorat.recursos.uoc.edu\/Guia-del-practicum-per-a-estudiants\/bibliografia\/"},"modified":"2023-10-20T11:23:07","modified_gmt":"2023-10-20T09:23:07","slug":"bibliography","status":"publish","type":"page","link":"http:\/\/guia-practicum-formacio-professorat.recursos.uoc.edu\/Guia-del-practicum-per-a-estudiants\/en\/bibliography\/","title":{"rendered":"Bibliography"},"content":{"rendered":"<p>Domingo, A. [\u00c0ngels]. (2013). <em>Pr\u00e1ctica reflexiva para docentes. De la reflexi\u00f3n ocasional a la reflexi\u00f3n metodol\u00f3gica<\/em>. (Reflexive practice for teachers. From occasional rejection to methodological rejection) Publicia.<\/p>\n<p>Esteve, O. [Olga]. (2011). Desarrollando la mirada investigadora en el aula. La pr\u00e1ctica reflexiva. Herramienta para el desarrollo profesional como docente. (Developing the investigative look in the classroom. The reflective practice. Tool for professional development as a teacher)<\/p>\n<p>A Bikandi, U. [Uri]. (coord.). <em>Lengua castellana y literatura. Investigaci\u00f3n, innovaci\u00f3n y buenas pr\u00e1cticas<\/em> (Spanish language and literature. Research, innovation and good practices) (p. 29-48). Gra\u00f3.<\/p>\n<p>Freire, P. [Paulo]. (1998). <em>La educaci\u00f3n como pr\u00e1ctica de la libertad<\/em>. (Education as a practice of freedom.) Siglo XXI.<\/p>\n<p>Perrenoud, P. [Philippe]. (2004). <em>Desarrollar la pr\u00e1ctica reflexiva en el oficio de ense\u00f1ar<\/em>. (Develop reflexive practice in the leisure of teaching) Gra\u00f3.<\/p>\n<p>Tejada, J. [Jos\u00e9]. (2013). Significaci\u00f3n del pr\u00e1cticum en la adquisici\u00f3n de competencias profesionales que permiten la transfer\u00e8ncia de conocimiento a \u00e1mbitos propios de la acci\u00f3n docente. (Significance of the practicum in the acquisition of professional skills that allow the transfer of knowledge to specific areas of teaching) <em>Profesorado.<\/em> <em>Curr\u00edculum y Formaci\u00f3n del Profesorado magazine,<\/em>\u00a0<em>17<\/em>(3), 91-110.<\/p>\n<div id=\"gtx-trans\" style=\"position: absolute; left: 674px; top: 200px;\">\n<div class=\"gtx-trans-icon\"><\/div>\n<\/div>\n","protected":false},"excerpt":{"rendered":"<p>Domingo, A. [\u00c0ngels]. (2013). Pr\u00e1ctica reflexiva para docentes. De la reflexi\u00f3n ocasional a la reflexi\u00f3n metodol\u00f3gica. (Reflexive practice for teachers. From occasional rejection to methodological rejection) Publicia. Esteve, O. [Olga]. (2011). Desarrollando la mirada investigadora en el aula. La pr\u00e1ctica reflexiva. Herramienta para el desarrollo profesional como docente. (Developing the investigative look in the classroom. [&hellip;]<\/p>\n","protected":false},"author":1,"featured_media":0,"parent":0,"menu_order":0,"comment_status":"closed","ping_status":"closed","template":"","meta":[],"acf":[],"_links":{"self":[{"href":"http:\/\/guia-practicum-formacio-professorat.recursos.uoc.edu\/Guia-del-practicum-per-a-estudiants\/en\/wp-json\/wp\/v2\/pages\/205"}],"collection":[{"href":"http:\/\/guia-practicum-formacio-professorat.recursos.uoc.edu\/Guia-del-practicum-per-a-estudiants\/en\/wp-json\/wp\/v2\/pages"}],"about":[{"href":"http:\/\/guia-practicum-formacio-professorat.recursos.uoc.edu\/Guia-del-practicum-per-a-estudiants\/en\/wp-json\/wp\/v2\/types\/page"}],"author":[{"embeddable":true,"href":"http:\/\/guia-practicum-formacio-professorat.recursos.uoc.edu\/Guia-del-practicum-per-a-estudiants\/en\/wp-json\/wp\/v2\/users\/1"}],"replies":[{"embeddable":true,"href":"http:\/\/guia-practicum-formacio-professorat.recursos.uoc.edu\/Guia-del-practicum-per-a-estudiants\/en\/wp-json\/wp\/v2\/comments?post=205"}],"version-history":[{"count":4,"href":"http:\/\/guia-practicum-formacio-professorat.recursos.uoc.edu\/Guia-del-practicum-per-a-estudiants\/en\/wp-json\/wp\/v2\/pages\/205\/revisions"}],"predecessor-version":[{"id":294,"href":"http:\/\/guia-practicum-formacio-professorat.recursos.uoc.edu\/Guia-del-practicum-per-a-estudiants\/en\/wp-json\/wp\/v2\/pages\/205\/revisions\/294"}],"wp:attachment":[{"href":"http:\/\/guia-practicum-formacio-professorat.recursos.uoc.edu\/Guia-del-practicum-per-a-estudiants\/en\/wp-json\/wp\/v2\/media?parent=205"}],"curies":[{"name":"wp","href":"https:\/\/api.w.org\/{rel}","templated":true}]}}