{"id":102,"date":"2023-07-17T13:34:59","date_gmt":"2023-07-17T11:34:59","guid":{"rendered":"http:\/\/guia-practicum-formacio-professorat.recursos.uoc.edu\/guia-pels-estudiants\/?page_id=102"},"modified":"2023-10-18T17:14:02","modified_gmt":"2023-10-18T15:14:02","slug":"bibliografia","status":"publish","type":"page","link":"http:\/\/guia-practicum-formacio-professorat.recursos.uoc.edu\/Guia-del-practicum-per-a-estudiants\/bibliografia\/","title":{"rendered":"Bibliografia"},"content":{"rendered":"<p>Domingo, A. [\u00c0ngels]. (2013). <em>Pr\u00e1ctica reflexiva para docentes. De la reflexi\u00f3n ocasional a la reflexi\u00f3n metodol\u00f3gica<\/em>. Publicia.<\/p>\n<p>Esteve, O. [Olga]. (2011). Desarrollando la mirada investigadora en el aula. La pr\u00e1ctica reflexiva. Herramienta para el desarrollo profesional como docente. A Bikandi, U. [Uri]. (coord.). <em>Lengua castellana y literatura. Investigaci\u00f3n, innovaci\u00f3n y buenas pr\u00e1cticas<\/em> (p. 29-48). Gra\u00f3.<\/p>\n<p>Freire, P. [Paulo]. (1998). <em>La educaci\u00f3n como pr\u00e1ctica de la libertad<\/em>. Siglo XXI.<\/p>\n<p>Perrenoud, P. [Philippe]. (2004). <em>Desarrollar la pr\u00e1ctica reflexiva en el oficio de ense\u00f1ar<\/em>. Gra\u00f3.<\/p>\n<p>Tejada, J. [Jos\u00e9]. (2013). Significaci\u00f3n del pr\u00e1cticum en la adquisici\u00f3n de competencias profesionales que permiten la transfer\u00e8ncia de conocimiento a \u00e1mbitos propios de la acci\u00f3n docente. <em>Profesorado.<\/em> <em>Revista de Curr\u00edculum y Formaci\u00f3n del Profesorado,<\/em> <em>17<\/em>(3), 91-110.<\/p>\n<div id=\"gtx-trans\" style=\"position: absolute; left: 674px; top: 200px;\">\n<div class=\"gtx-trans-icon\"><\/div>\n<\/div>\n","protected":false},"excerpt":{"rendered":"<p>Domingo, A. [\u00c0ngels]. (2013). Pr\u00e1ctica reflexiva para docentes. De la reflexi\u00f3n ocasional a la reflexi\u00f3n metodol\u00f3gica. Publicia. Esteve, O. [Olga]. (2011). Desarrollando la mirada investigadora en el aula. La pr\u00e1ctica reflexiva. Herramienta para el desarrollo profesional como docente. A Bikandi, U. [Uri]. (coord.). Lengua castellana y literatura. Investigaci\u00f3n, innovaci\u00f3n y buenas pr\u00e1cticas (p. 29-48). Gra\u00f3. [&hellip;]<\/p>\n","protected":false},"author":1,"featured_media":0,"parent":0,"menu_order":0,"comment_status":"closed","ping_status":"closed","template":"","meta":[],"acf":[],"_links":{"self":[{"href":"http:\/\/guia-practicum-formacio-professorat.recursos.uoc.edu\/Guia-del-practicum-per-a-estudiants\/wp-json\/wp\/v2\/pages\/102"}],"collection":[{"href":"http:\/\/guia-practicum-formacio-professorat.recursos.uoc.edu\/Guia-del-practicum-per-a-estudiants\/wp-json\/wp\/v2\/pages"}],"about":[{"href":"http:\/\/guia-practicum-formacio-professorat.recursos.uoc.edu\/Guia-del-practicum-per-a-estudiants\/wp-json\/wp\/v2\/types\/page"}],"author":[{"embeddable":true,"href":"http:\/\/guia-practicum-formacio-professorat.recursos.uoc.edu\/Guia-del-practicum-per-a-estudiants\/wp-json\/wp\/v2\/users\/1"}],"replies":[{"embeddable":true,"href":"http:\/\/guia-practicum-formacio-professorat.recursos.uoc.edu\/Guia-del-practicum-per-a-estudiants\/wp-json\/wp\/v2\/comments?post=102"}],"version-history":[{"count":3,"href":"http:\/\/guia-practicum-formacio-professorat.recursos.uoc.edu\/Guia-del-practicum-per-a-estudiants\/wp-json\/wp\/v2\/pages\/102\/revisions"}],"predecessor-version":[{"id":125,"href":"http:\/\/guia-practicum-formacio-professorat.recursos.uoc.edu\/Guia-del-practicum-per-a-estudiants\/wp-json\/wp\/v2\/pages\/102\/revisions\/125"}],"wp:attachment":[{"href":"http:\/\/guia-practicum-formacio-professorat.recursos.uoc.edu\/Guia-del-practicum-per-a-estudiants\/wp-json\/wp\/v2\/media?parent=102"}],"curies":[{"name":"wp","href":"https:\/\/api.w.org\/{rel}","templated":true}]}}