{"id":39,"date":"2023-07-17T11:36:48","date_gmt":"2023-07-17T09:36:48","guid":{"rendered":"http:\/\/guia-practicum-formacio-professorat.recursos.uoc.edu\/guia-pels-estudiants\/?page_id=39"},"modified":"2023-09-25T16:13:58","modified_gmt":"2023-09-25T14:13:58","slug":"1-1-la-construccio-de-la-identitat-professional-docent","status":"publish","type":"page","link":"http:\/\/guia-practicum-formacio-professorat.recursos.uoc.edu\/Guia-del-practicum-per-a-estudiants\/1-1-la-construccio-de-la-identitat-professional-docent\/","title":{"rendered":"1.1. La construcci\u00f3 de la identitat professional docent"},"content":{"rendered":"<p>La tasca d\u2019educar \u00e9s q\u00fcesti\u00f3 de vocaci\u00f3? \u00c9s q\u00fcesti\u00f3 de professi\u00f3? \u00c9s un equilibri din\u00e0mic entre ambdues coses? Pot haver-hi professionalitat sense vocaci\u00f3? I vocaci\u00f3 sense professionalitat? Qu\u00e8 significa ser docent en els contextos social i cultural actuals?<\/p>\n<p>El Pr\u00e0cticum \u00e9s l\u2019espai en el qual l\u2019estudiantat inicia la construcci\u00f3 de la seva identitat professional com a docent. La identitat es construeix a partir d\u2019experi\u00e8ncies retrospectives i, tamb\u00e9, a partir de les representacions de la pr\u00f2pia projecci\u00f3 futura en funci\u00f3 del context i de la manera com una persona es percep a si mateixa.<\/p>\n<blockquote><p>\u00abel aspirante a docente se expone a experiencias socializadoras apoyadas en culturas distintas e incluso antag\u00f3nicas, construyendo su nueva identidad basada en la transici\u00f3n de una identidad \u201canterior\u201d a una identidad \u201cfutura\u201d, pero que se vive siempre en un \u201cpresente\u201d atrapado en esas dos identidades\u00bb<\/p><\/blockquote>\n<div class=\"blockquote-author\"><p>(Tejada, 2013, p. 104).<\/p>\n<\/div>\n<p>Segons Freire (1998), com m\u00e9s se sap de si mateix (de la pr\u00f2pia experi\u00e8ncia com a persona i com a grup social), en millors condicions s\u2019est\u00e0 per desenvolupar patrons d\u2019actuaci\u00f3 m\u00e9s independents i aut\u00f2noms, per cr\u00e9ixer com a persona i com a grup en un context determinat. En aquest sentit, l\u2019autoconeixement esdev\u00e9 una eina extremadament poderosa per a la construcci\u00f3 de la identitat professional del professorat.<\/p>\n","protected":false},"excerpt":{"rendered":"<p>La tasca d\u2019educar \u00e9s q\u00fcesti\u00f3 de vocaci\u00f3? \u00c9s q\u00fcesti\u00f3 de professi\u00f3? \u00c9s un equilibri din\u00e0mic entre ambdues coses? Pot haver-hi professionalitat sense vocaci\u00f3? I vocaci\u00f3 sense professionalitat? Qu\u00e8 significa ser docent en els contextos social i cultural actuals? El Pr\u00e0cticum \u00e9s l\u2019espai en el qual l\u2019estudiantat inicia la construcci\u00f3 de la seva identitat professional com [&hellip;]<\/p>\n","protected":false},"author":1,"featured_media":0,"parent":0,"menu_order":0,"comment_status":"closed","ping_status":"closed","template":"","meta":[],"acf":[],"_links":{"self":[{"href":"http:\/\/guia-practicum-formacio-professorat.recursos.uoc.edu\/Guia-del-practicum-per-a-estudiants\/wp-json\/wp\/v2\/pages\/39"}],"collection":[{"href":"http:\/\/guia-practicum-formacio-professorat.recursos.uoc.edu\/Guia-del-practicum-per-a-estudiants\/wp-json\/wp\/v2\/pages"}],"about":[{"href":"http:\/\/guia-practicum-formacio-professorat.recursos.uoc.edu\/Guia-del-practicum-per-a-estudiants\/wp-json\/wp\/v2\/types\/page"}],"author":[{"embeddable":true,"href":"http:\/\/guia-practicum-formacio-professorat.recursos.uoc.edu\/Guia-del-practicum-per-a-estudiants\/wp-json\/wp\/v2\/users\/1"}],"replies":[{"embeddable":true,"href":"http:\/\/guia-practicum-formacio-professorat.recursos.uoc.edu\/Guia-del-practicum-per-a-estudiants\/wp-json\/wp\/v2\/comments?post=39"}],"version-history":[{"count":6,"href":"http:\/\/guia-practicum-formacio-professorat.recursos.uoc.edu\/Guia-del-practicum-per-a-estudiants\/wp-json\/wp\/v2\/pages\/39\/revisions"}],"predecessor-version":[{"id":131,"href":"http:\/\/guia-practicum-formacio-professorat.recursos.uoc.edu\/Guia-del-practicum-per-a-estudiants\/wp-json\/wp\/v2\/pages\/39\/revisions\/131"}],"wp:attachment":[{"href":"http:\/\/guia-practicum-formacio-professorat.recursos.uoc.edu\/Guia-del-practicum-per-a-estudiants\/wp-json\/wp\/v2\/media?parent=39"}],"curies":[{"name":"wp","href":"https:\/\/api.w.org\/{rel}","templated":true}]}}