{"id":45,"date":"2023-07-17T11:46:08","date_gmt":"2023-07-17T09:46:08","guid":{"rendered":"http:\/\/guia-practicum-formacio-professorat.recursos.uoc.edu\/guia-pels-estudiants\/?page_id=45"},"modified":"2023-09-25T16:14:50","modified_gmt":"2023-09-25T14:14:50","slug":"1-2-letica-com-a-activitat-reflexiva","status":"publish","type":"page","link":"http:\/\/guia-practicum-formacio-professorat.recursos.uoc.edu\/Guia-del-practicum-per-a-estudiants\/1-2-letica-com-a-activitat-reflexiva\/","title":{"rendered":"1.2. L\u2019\u00e8tica com a activitat reflexiva"},"content":{"rendered":"<p>El comprom\u00eds \u00e8tic i global \u00e9s una de les compet\u00e8ncies transversals de la UOC, la qual es treballa en totes les titulacions de la Universitat. Aquesta compet\u00e8ncia t\u00e9 per objectiu formar l\u2019estudiantat per \u00abactuar de manera honesta, \u00e8tica, sostenible, socialment responsable i respectuosa amb els drets humans i la diversitat\u00bb.<\/p>\n<p>Al llarg de totes les activitats del Pr\u00e0cticum, es treballen i s\u2019avaluen diferents dimensions d\u2019aquesta compet\u00e8ncia, relacionades especialment amb els aspectes seg\u00fcents:<\/p>\n<ul>\n<li>L\u2019<strong>elusi\u00f3 del plagi acad\u00e8mic <\/strong>o de qualsevol altre \u00fas indegut del treball de tercers, i la citaci\u00f3 correcta de les fonts documentals utilitzades.<\/li>\n<li>El\u00a0<strong>respecte a la diversitat cultural i de g\u00e8nere<\/strong>, incloent-hi l\u2019\u00fas no sexista de la llengua.<\/li>\n<li>La\u00a0<strong>protecci\u00f3 de les dades i de la privacitat <\/strong>de l\u2019estudiantat i de les seves fam\u00edlies.<\/li>\n<li>El disseny i l\u2019avaluaci\u00f3 de propostes d\u2019intervenci\u00f3 tot aplicant criteris de\u00a0<strong>qualitat<\/strong>,\u00a0<strong>sostenibilitat <\/strong>i\u00a0<strong>responsabilitat social<\/strong>.<\/li>\n<\/ul>\n<div class=\"featured featured-blue\"><p>La compet\u00e8ncia del comprom\u00eds \u00e8tic es posa especialment en relleu durant l\u2019estada de l\u2019estudiantat al centre de pr\u00e0ctiques, on aquest estudiantat ha d\u2019actuar amb les virtuts personals i professionals que requereix l\u2019exercici correcte de la professi\u00f3, i raonar sobre temes com la just\u00edcia, l\u2019equitat, la sostenibilitat, la igualtat de g\u00e8nere o la diversitat cultural a les diferents situacions que pugui trobar durant la seva praxi educativa.<\/p>\n<\/div>\n<p>Considerant que el comprom\u00eds \u00e8tic requereix un h\u00e0bit de reflexi\u00f3 personal i una actuaci\u00f3 coherents amb els valors o les argumentacions morals propis, al llarg del Pr\u00e0cticum la <strong>reflexi\u00f3 \u00e8tica <\/strong>fa permeable l\u2019aprenentatge basat en l\u2019experi\u00e8ncia de l\u2019estudiantat, per\u00f2 no des d\u2019una perspectiva abstracta, sin\u00f3 des d\u2019una perspectiva basada en els casos concrets i els dilemes que hauran viscut, durant l\u2019estada al centre de pr\u00e0ctiques, les persones que esdevindran professionals de l\u2019ensenyament en un futur.<\/p>\n","protected":false},"excerpt":{"rendered":"<p>El comprom\u00eds \u00e8tic i global \u00e9s una de les compet\u00e8ncies transversals de la UOC, la qual es treballa en totes les titulacions de la Universitat. Aquesta compet\u00e8ncia t\u00e9 per objectiu formar l\u2019estudiantat per \u00abactuar de manera honesta, \u00e8tica, sostenible, socialment responsable i respectuosa amb els drets humans i la diversitat\u00bb. Al llarg de totes les [&hellip;]<\/p>\n","protected":false},"author":1,"featured_media":0,"parent":0,"menu_order":0,"comment_status":"closed","ping_status":"closed","template":"","meta":[],"acf":[],"_links":{"self":[{"href":"http:\/\/guia-practicum-formacio-professorat.recursos.uoc.edu\/Guia-del-practicum-per-a-estudiants\/wp-json\/wp\/v2\/pages\/45"}],"collection":[{"href":"http:\/\/guia-practicum-formacio-professorat.recursos.uoc.edu\/Guia-del-practicum-per-a-estudiants\/wp-json\/wp\/v2\/pages"}],"about":[{"href":"http:\/\/guia-practicum-formacio-professorat.recursos.uoc.edu\/Guia-del-practicum-per-a-estudiants\/wp-json\/wp\/v2\/types\/page"}],"author":[{"embeddable":true,"href":"http:\/\/guia-practicum-formacio-professorat.recursos.uoc.edu\/Guia-del-practicum-per-a-estudiants\/wp-json\/wp\/v2\/users\/1"}],"replies":[{"embeddable":true,"href":"http:\/\/guia-practicum-formacio-professorat.recursos.uoc.edu\/Guia-del-practicum-per-a-estudiants\/wp-json\/wp\/v2\/comments?post=45"}],"version-history":[{"count":3,"href":"http:\/\/guia-practicum-formacio-professorat.recursos.uoc.edu\/Guia-del-practicum-per-a-estudiants\/wp-json\/wp\/v2\/pages\/45\/revisions"}],"predecessor-version":[{"id":132,"href":"http:\/\/guia-practicum-formacio-professorat.recursos.uoc.edu\/Guia-del-practicum-per-a-estudiants\/wp-json\/wp\/v2\/pages\/45\/revisions\/132"}],"wp:attachment":[{"href":"http:\/\/guia-practicum-formacio-professorat.recursos.uoc.edu\/Guia-del-practicum-per-a-estudiants\/wp-json\/wp\/v2\/media?parent=45"}],"curies":[{"name":"wp","href":"https:\/\/api.w.org\/{rel}","templated":true}]}}