{"id":50,"date":"2023-07-17T11:47:57","date_gmt":"2023-07-17T09:47:57","guid":{"rendered":"http:\/\/guia-practicum-formacio-professorat.recursos.uoc.edu\/guia-pels-estudiants\/?page_id=50"},"modified":"2023-09-25T16:15:46","modified_gmt":"2023-09-25T14:15:46","slug":"1-3-lexercici-de-lhabitus-reflexiu","status":"publish","type":"page","link":"http:\/\/guia-practicum-formacio-professorat.recursos.uoc.edu\/Guia-del-practicum-per-a-estudiants\/1-3-lexercici-de-lhabitus-reflexiu\/","title":{"rendered":"1.3. L\u2019exercici de l\u2019<em>habitus<\/em> reflexiu"},"content":{"rendered":"<p>El Pr\u00e0cticum \u00e9s l\u2019espai en qu\u00e8 el futur professorat inicia el desenvolupament de l\u2019<em>habitus<\/em> de la reflexi\u00f3 sobre la pr\u00e0ctica professional.<\/p>\n<p>Pierre Bourdieu defineix l\u2019<em>habitus<\/em> com \u00abun petit conjunt d\u2019esquemes que permet una infinitat de pr\u00e0ctiques adaptades a situacions sempre renovades, sense constituir mai en principis expl\u00edcits\u00bb (Bourdieu, 1973, p. 209). Per Bourdieu, l\u2019<em>habitus<\/em> \u00e9s el nostre sistema d\u2019estructures de pensament, de percepci\u00f3, d\u2019avaluaci\u00f3 i d\u2019acci\u00f3, la \u00abgram\u00e0tica generativista\u00bb de les nostres pr\u00e0ctiques (Perrenoud, 2004, p. 13).<\/p>\n<p>L\u2019<em>habitus<\/em> reflexiu que el futur professorat ha d&#8217;aplicar al llarg del Pr\u00e0cticum permet el desenvolupament d\u2019un sistema d\u2019esquemes que transfereixen, fonamenten i guien futures formes de pensar, d\u2019avaluar les situacions que es presenten en la praxi docent i d\u2019actuar.<\/p>\n<div class=\"featured featured-blue\"><p>\u00c9s mitjan\u00e7ant el desenvolupament del diari de pr\u00e0ctiques, al llarg de l\u2019assignatura, que l\u2019estudiantat inicia l\u2019exercici de l\u2019<em>habitus<\/em> reflexiu.<\/p>\n<\/div>\n","protected":false},"excerpt":{"rendered":"<p>El Pr\u00e0cticum \u00e9s l\u2019espai en qu\u00e8 el futur professorat inicia el desenvolupament de l\u2019habitus de la reflexi\u00f3 sobre la pr\u00e0ctica professional. Pierre Bourdieu defineix l\u2019habitus com \u00abun petit conjunt d\u2019esquemes que permet una infinitat de pr\u00e0ctiques adaptades a situacions sempre renovades, sense constituir mai en principis expl\u00edcits\u00bb (Bourdieu, 1973, p. 209). Per Bourdieu, l\u2019habitus \u00e9s [&hellip;]<\/p>\n","protected":false},"author":1,"featured_media":0,"parent":0,"menu_order":0,"comment_status":"closed","ping_status":"closed","template":"","meta":[],"acf":[],"_links":{"self":[{"href":"http:\/\/guia-practicum-formacio-professorat.recursos.uoc.edu\/Guia-del-practicum-per-a-estudiants\/wp-json\/wp\/v2\/pages\/50"}],"collection":[{"href":"http:\/\/guia-practicum-formacio-professorat.recursos.uoc.edu\/Guia-del-practicum-per-a-estudiants\/wp-json\/wp\/v2\/pages"}],"about":[{"href":"http:\/\/guia-practicum-formacio-professorat.recursos.uoc.edu\/Guia-del-practicum-per-a-estudiants\/wp-json\/wp\/v2\/types\/page"}],"author":[{"embeddable":true,"href":"http:\/\/guia-practicum-formacio-professorat.recursos.uoc.edu\/Guia-del-practicum-per-a-estudiants\/wp-json\/wp\/v2\/users\/1"}],"replies":[{"embeddable":true,"href":"http:\/\/guia-practicum-formacio-professorat.recursos.uoc.edu\/Guia-del-practicum-per-a-estudiants\/wp-json\/wp\/v2\/comments?post=50"}],"version-history":[{"count":3,"href":"http:\/\/guia-practicum-formacio-professorat.recursos.uoc.edu\/Guia-del-practicum-per-a-estudiants\/wp-json\/wp\/v2\/pages\/50\/revisions"}],"predecessor-version":[{"id":133,"href":"http:\/\/guia-practicum-formacio-professorat.recursos.uoc.edu\/Guia-del-practicum-per-a-estudiants\/wp-json\/wp\/v2\/pages\/50\/revisions\/133"}],"wp:attachment":[{"href":"http:\/\/guia-practicum-formacio-professorat.recursos.uoc.edu\/Guia-del-practicum-per-a-estudiants\/wp-json\/wp\/v2\/media?parent=50"}],"curies":[{"name":"wp","href":"https:\/\/api.w.org\/{rel}","templated":true}]}}