{"id":67,"date":"2023-07-17T12:57:45","date_gmt":"2023-07-17T10:57:45","guid":{"rendered":"http:\/\/guia-practicum-formacio-professorat.recursos.uoc.edu\/guia-pels-estudiants\/?page_id=67"},"modified":"2023-07-18T16:10:01","modified_gmt":"2023-07-18T14:10:01","slug":"1-7-la-competencia-digital-docent","status":"publish","type":"page","link":"http:\/\/guia-practicum-formacio-professorat.recursos.uoc.edu\/Guia-del-practicum-per-a-estudiants\/1-7-la-competencia-digital-docent\/","title":{"rendered":"1.7. La compet\u00e8ncia digital docent"},"content":{"rendered":"<p>La compet\u00e8ncia digital \u00e9s un dels eixos prioritaris del m\u00e0ster i del Pr\u00e0cticum. D\u2019acord amb el <a href=\"javascript:void(0);\" class=\"tooltip\" data-toggle=\"popover\" data-placement=\"bottom\" data-content=\"Publicat al BOE n\u00fam. 116, de 16 de maig de 2022, i a la Resoluci\u00f3 EDU\/2595\/2022, de 26 d\u2019agost, per la qual es dona publicitat a l\u2019actualitzaci\u00f3 del marc de refer\u00e8ncia de la compet\u00e8ncia digital docent i es deixa sense efecte la Resoluci\u00f3 ENS\/1356\/2016, de 23 de maig, per la qual es d\u00f3na publicitat a la definici\u00f3 de la Compet\u00e8ncia digital docent.\" data-placement=\"top\" data-html=\"true\"><b><em>Marc de refer\u00e8ncia de la compet\u00e8ncia digital docent<\/em><\/b><\/a>, la compet\u00e8ncia digital docent (CDD) inclou sis \u00e0rees de desenvolupament: el comprom\u00eds professional; els continguts digitals; l\u2019ensenyament i l\u2019aprenentatge; l\u2019avaluaci\u00f3 i la retroacci\u00f3; l\u2019empoderament de l\u2019alumnat, i el desenvolupament de la compet\u00e8ncia digital de l\u2019alumnat.<\/p>\n<p>En el marc del Pr\u00e0cticum, l\u2019estudiantat desenvolupa i posa en pr\u00e0ctica coneixements i habilitats referits a l\u2019\u00fas instrumental de les tecnologies en el desenvolupament de la professi\u00f3 docent, i tamb\u00e9 als usos did\u00e0ctic i metodol\u00f2gic d\u2019aquestes tecnologies, que impliquen dissenyar propostes docents innovadores en l\u2019\u00e0mbit de l\u2019ensenyament i l\u2019aprenentatge orientades a fomentar la compet\u00e8ncia digital de l\u2019alumnat.<\/p>\n","protected":false},"excerpt":{"rendered":"<p>La compet\u00e8ncia digital \u00e9s un dels eixos prioritaris del m\u00e0ster i del Pr\u00e0cticum. D\u2019acord amb el , la compet\u00e8ncia digital docent (CDD) inclou sis \u00e0rees de desenvolupament: el comprom\u00eds professional; els continguts digitals; l\u2019ensenyament i l\u2019aprenentatge; l\u2019avaluaci\u00f3 i la retroacci\u00f3; l\u2019empoderament de l\u2019alumnat, i el desenvolupament de la compet\u00e8ncia digital de l\u2019alumnat. En el marc [&hellip;]<\/p>\n","protected":false},"author":1,"featured_media":0,"parent":0,"menu_order":0,"comment_status":"closed","ping_status":"closed","template":"","meta":[],"acf":[],"_links":{"self":[{"href":"http:\/\/guia-practicum-formacio-professorat.recursos.uoc.edu\/Guia-del-practicum-per-a-estudiants\/wp-json\/wp\/v2\/pages\/67"}],"collection":[{"href":"http:\/\/guia-practicum-formacio-professorat.recursos.uoc.edu\/Guia-del-practicum-per-a-estudiants\/wp-json\/wp\/v2\/pages"}],"about":[{"href":"http:\/\/guia-practicum-formacio-professorat.recursos.uoc.edu\/Guia-del-practicum-per-a-estudiants\/wp-json\/wp\/v2\/types\/page"}],"author":[{"embeddable":true,"href":"http:\/\/guia-practicum-formacio-professorat.recursos.uoc.edu\/Guia-del-practicum-per-a-estudiants\/wp-json\/wp\/v2\/users\/1"}],"replies":[{"embeddable":true,"href":"http:\/\/guia-practicum-formacio-professorat.recursos.uoc.edu\/Guia-del-practicum-per-a-estudiants\/wp-json\/wp\/v2\/comments?post=67"}],"version-history":[{"count":3,"href":"http:\/\/guia-practicum-formacio-professorat.recursos.uoc.edu\/Guia-del-practicum-per-a-estudiants\/wp-json\/wp\/v2\/pages\/67\/revisions"}],"predecessor-version":[{"id":112,"href":"http:\/\/guia-practicum-formacio-professorat.recursos.uoc.edu\/Guia-del-practicum-per-a-estudiants\/wp-json\/wp\/v2\/pages\/67\/revisions\/112"}],"wp:attachment":[{"href":"http:\/\/guia-practicum-formacio-professorat.recursos.uoc.edu\/Guia-del-practicum-per-a-estudiants\/wp-json\/wp\/v2\/media?parent=67"}],"curies":[{"name":"wp","href":"https:\/\/api.w.org\/{rel}","templated":true}]}}