{"id":71,"date":"2023-07-17T13:01:21","date_gmt":"2023-07-17T11:01:21","guid":{"rendered":"http:\/\/guia-practicum-formacio-professorat.recursos.uoc.edu\/guia-pels-estudiants\/?page_id=71"},"modified":"2023-09-25T16:18:29","modified_gmt":"2023-09-25T14:18:29","slug":"2-1-lassignacio-del-centre-i-linici-de-les-practiques","status":"publish","type":"page","link":"http:\/\/guia-practicum-formacio-professorat.recursos.uoc.edu\/Guia-del-practicum-per-a-estudiants\/2-1-lassignacio-del-centre-i-linici-de-les-practiques\/","title":{"rendered":"2.1. L\u2019assignaci\u00f3 del centre i l\u2019inici de les pr\u00e0ctiques"},"content":{"rendered":"<p>Segons l&#8217;Ordre EDU\/39\/2021, de 16 de febrer, per la qual s\u2019estableix el desenvolupament de les pr\u00e0ctiques professionalitzadores universit\u00e0ries i d\u2019altres institucions formadores en centres educatius formadors, serveis educatius i depend\u00e8ncies del Departament d\u2019Educaci\u00f3 i s\u2019estableix el procediment per a la selecci\u00f3 i acreditaci\u00f3 de centres formadors, les pr\u00e0ctiques en centres educatius a Catalunya cal fer-les en <strong>centres formadors de Catalunya acreditats pel Departament d\u2019Educaci\u00f3<\/strong>. Tant el contacte com l\u2019assignaci\u00f3 els ha de dur a terme la Universitat, per la qual cosa l\u2019estudiantat no pot contactar amb els centres directament. Des del Servei de Pr\u00e0ctiques de la Universitat es fa l\u2019assignaci\u00f3 de les places a l\u2019estudiantat.<\/p>\n<blockquote><p>\u00abEl centre formador constitueix un entorn d\u2019aprenentatge on la reflexi\u00f3 pedag\u00f2gica compartida, el treball en equip, l\u2019aprenentatge competencial centrat en l\u2019estudiant, l\u2019acci\u00f3 tutorial i orientadora, i la implicaci\u00f3 amb l\u2019entorn s\u00f3n elements clau per promoure un model de professorat competent i comprom\u00e8s amb l\u2019\u00e8xit educatiu de tot l\u2019alumnat.\u00bb<\/p><\/blockquote>\n<div class=\"blockquote-author\"><p>(Departament d\u2019Educaci\u00f3. Ordre EDU\/39\/2021, de 16 de febrer)<\/p>\n<\/div>\n<p>La Universitat s\u2019ha de comunicar amb la coordinaci\u00f3 de les pr\u00e0ctiques del centre, la qual ha de confirmar la disponibilitat de la pla\u00e7a i designar una persona mentora per acompanyar i supervisar les pr\u00e0ctiques de l\u2019estudiantat. La Universitat ha d\u2019informar l\u2019estudiantat del nom del centre assignat i de les dades de contacte de les persones de refer\u00e8ncia. A partir d\u2019aquest moment, l\u2019estudiantat pot contactar amb el centre mitjan\u00e7ant la coordinaci\u00f3 de les pr\u00e0ctiques o adre\u00e7ant-se directament a la mentoria. En aquest primer contacte, l\u2019estudiantat ha de concretar amb la coordinaci\u00f3 de les pr\u00e0ctiques i la mentoria del centre la data d\u2019inici de les pr\u00e0ctiques i, posteriorment, el pla de treball que haur\u00e0 de desenvolupar durant les diferents fases del Pr\u00e0cticum.<\/p>\n<p><strong>Les pr\u00e0ctiques als centres comencen a partir de la segona quinzena de novembre<\/strong>. La data exacta d\u2019inici, comuna per a tot l\u2019estudiantat del m\u00e0ster, l\u2019estableix\u00a0 cada curs acad\u00e8mic el Departament d\u2019Educaci\u00f3, i es publica mitjan\u00e7ant els canals de comunicaci\u00f3 de la Universitat i l\u2019aula virtual. Les hores de pr\u00e0ctiques al centre no es poden compactar, i s\u2019han de distribuir al llarg del curs acad\u00e8mic (de novembre a abril), per tal de coordinar les activitats d\u2019avaluaci\u00f3 continuada que es duen a terme a l\u2019aula virtual amb les activitats que es desenvolupen al centre.<\/p>\n<p>La Universitat t\u00e9 signat un conveni amb el Departament d\u2019Educaci\u00f3 que regula legalment la relaci\u00f3 entre la Universitat i els centres que reben estudiantat en pr\u00e0ctiques. Tot l\u2019alumnat del m\u00e0ster, abans d\u2019iniciar les pr\u00e0ctiques, ha de signar un protocol d\u2019adhesi\u00f3 que fa refer\u00e8ncia a aquest conveni marc i que en regula les pr\u00e0ctiques.<\/p>\n","protected":false},"excerpt":{"rendered":"<p>Segons l&#8217;Ordre EDU\/39\/2021, de 16 de febrer, per la qual s\u2019estableix el desenvolupament de les pr\u00e0ctiques professionalitzadores universit\u00e0ries i d\u2019altres institucions formadores en centres educatius formadors, serveis educatius i depend\u00e8ncies del Departament d\u2019Educaci\u00f3 i s\u2019estableix el procediment per a la selecci\u00f3 i acreditaci\u00f3 de centres formadors, les pr\u00e0ctiques en centres educatius a Catalunya cal fer-les [&hellip;]<\/p>\n","protected":false},"author":1,"featured_media":0,"parent":0,"menu_order":0,"comment_status":"closed","ping_status":"closed","template":"","meta":[],"acf":[],"_links":{"self":[{"href":"http:\/\/guia-practicum-formacio-professorat.recursos.uoc.edu\/Guia-del-practicum-per-a-estudiants\/wp-json\/wp\/v2\/pages\/71"}],"collection":[{"href":"http:\/\/guia-practicum-formacio-professorat.recursos.uoc.edu\/Guia-del-practicum-per-a-estudiants\/wp-json\/wp\/v2\/pages"}],"about":[{"href":"http:\/\/guia-practicum-formacio-professorat.recursos.uoc.edu\/Guia-del-practicum-per-a-estudiants\/wp-json\/wp\/v2\/types\/page"}],"author":[{"embeddable":true,"href":"http:\/\/guia-practicum-formacio-professorat.recursos.uoc.edu\/Guia-del-practicum-per-a-estudiants\/wp-json\/wp\/v2\/users\/1"}],"replies":[{"embeddable":true,"href":"http:\/\/guia-practicum-formacio-professorat.recursos.uoc.edu\/Guia-del-practicum-per-a-estudiants\/wp-json\/wp\/v2\/comments?post=71"}],"version-history":[{"count":3,"href":"http:\/\/guia-practicum-formacio-professorat.recursos.uoc.edu\/Guia-del-practicum-per-a-estudiants\/wp-json\/wp\/v2\/pages\/71\/revisions"}],"predecessor-version":[{"id":136,"href":"http:\/\/guia-practicum-formacio-professorat.recursos.uoc.edu\/Guia-del-practicum-per-a-estudiants\/wp-json\/wp\/v2\/pages\/71\/revisions\/136"}],"wp:attachment":[{"href":"http:\/\/guia-practicum-formacio-professorat.recursos.uoc.edu\/Guia-del-practicum-per-a-estudiants\/wp-json\/wp\/v2\/media?parent=71"}],"curies":[{"name":"wp","href":"https:\/\/api.w.org\/{rel}","templated":true}]}}