{"id":77,"date":"2023-07-17T13:08:39","date_gmt":"2023-07-17T11:08:39","guid":{"rendered":"http:\/\/guia-practicum-formacio-professorat.recursos.uoc.edu\/guia-pels-estudiants\/?page_id=77"},"modified":"2023-09-25T16:22:00","modified_gmt":"2023-09-25T14:22:00","slug":"3-figures-docents-i-funcions","status":"publish","type":"page","link":"http:\/\/guia-practicum-formacio-professorat.recursos.uoc.edu\/Guia-del-practicum-per-a-estudiants\/3-figures-docents-i-funcions\/","title":{"rendered":"3. Figures docents i funcions"},"content":{"rendered":"<p>Hi ha diverses figures docents que intervenen en aquesta assignatura:<\/p>\n<ul>\n<li><strong>Professorat responsable de l\u2019assignatura (coordinaci\u00f3 del Pr\u00e0cticum de la Universitat)<\/strong>. La Universitat t\u00e9, per a cada especialitat del m\u00e0ster, un professor, una professora o un equip de professorat que coordina les pr\u00e0ctiques. Aquesta figura docent \u00e9s la responsable de dissenyar la proposta formativa de l\u2019assignatura, i tamb\u00e9 d\u2019establir-ne els criteris i els procediments d\u2019avaluaci\u00f3. Aix\u00ed mateix, coordina l\u2019equip docent que tutoritza el Pr\u00e0cticum de l\u2019estudiantat a la Universitat en el desenvolupament de la tasca docent i vetlla pel bon funcionament de l\u2019assignatura en la seva dimensi\u00f3 acad\u00e8mica. A m\u00e9s a m\u00e9s, forma part de la Comissi\u00f3 de Pr\u00e0cticum, encarregada de gestionar les relacions que s\u2019estableixen entre les tres parts implicades en el Pr\u00e0cticum: la tutoria de les pr\u00e0ctiques de la Universitat, l\u2019estudiantat, i la mentoria del centre.<\/li>\n<li><strong>Professorat del Pr\u00e0cticum (tutoria de les pr\u00e0ctiques de la Universitat)<\/strong>. El professorat del Pr\u00e0cticum de la Universitat \u00e9s el responsable de fer el seguiment i l\u2019avaluaci\u00f3 individuals de les pr\u00e0ctiques de l\u2019estudiantat. \u00c9s el que dissenya el treball que ha de fer l\u2019estudiantat durant el Pr\u00e0cticum i el que el guia en el desenvolupament de les diferents activitats que ha de dur a terme a l\u2019aula virtual. Tamb\u00e9 mant\u00e9 un contacte directe amb la mentoria del centre al llarg de les diferents fases del Pr\u00e0cticum per garantir la coher\u00e8ncia i la connexi\u00f3 de la feina que l\u2019estudiantat fa al centre amb les activitats que desenvolupa a l\u2019aula. Aix\u00ed mateix, vetlla perqu\u00e8 es compleixi correctament el pla de treball establert a l\u2019inici de les pr\u00e0ctiques, i facilita a la mentoria del centre les pautes i els instruments per avaluar l\u2019estudiantat al centre. La comunicaci\u00f3 entre el professorat del Pr\u00e0cticum de la Universitat i l\u2019estudiantat es fa, essencialment, de manera virtual i as\u00edncrona, mitjan\u00e7ant els espais de l\u2019aula virtual de l\u2019assignatura.<\/li>\n<li><strong>Coordinaci\u00f3 del Pr\u00e0cticum del centre<\/strong>. La coordinaci\u00f3 del Pr\u00e0cticum del centre supervisa les pr\u00e0ctiques de tot l&#8217;estudiantat que, en un moment determinat, \u00e9s al centre, i vetlla perqu\u00e8 els estudiants i el professorat mentor acompleixin les seves tasques. Tamb\u00e9 \u00e9s responsable d\u2019acollir l\u2019estudiantat en pr\u00e0ctiques; de presentar-li el projecte educatiu, les formes de gesti\u00f3 i l\u2019organitzaci\u00f3 del centre, i de facilitar-li els documents necessaris.<\/li>\n<li><strong>Mentoria del Pr\u00e0cticum del centre<\/strong>. \u00c9s el professorat del centre, especialista en la mat\u00e8ria, responsable directe d\u2019acompanyar el proc\u00e9s formatiu de l\u2019estudiantat mentre \u00e9s al centre, i de supervisar-ne i coordinar-ne les accions de formaci\u00f3. A l\u2019inici de les pr\u00e0ctiques, concreta amb l\u2019estudiantat el pla de treball i el cronograma de les pr\u00e0ctiques, documents que ha de validar el professorat de la Universitat. Tamb\u00e9 es coordina amb el professorat del Pr\u00e0cticum de la Universitat per fer un seguiment i una avaluaci\u00f3 correctes del treball desenvolupat per l\u2019estudiantat durant el per\u00edode de pr\u00e0ctiques.<\/li>\n<\/ul>\n","protected":false},"excerpt":{"rendered":"<p>Hi ha diverses figures docents que intervenen en aquesta assignatura: Professorat responsable de l\u2019assignatura (coordinaci\u00f3 del Pr\u00e0cticum de la Universitat). La Universitat t\u00e9, per a cada especialitat del m\u00e0ster, un professor, una professora o un equip de professorat que coordina les pr\u00e0ctiques. Aquesta figura docent \u00e9s la responsable de dissenyar la proposta formativa de l\u2019assignatura, [&hellip;]<\/p>\n","protected":false},"author":1,"featured_media":0,"parent":0,"menu_order":0,"comment_status":"closed","ping_status":"closed","template":"","meta":[],"acf":[],"_links":{"self":[{"href":"http:\/\/guia-practicum-formacio-professorat.recursos.uoc.edu\/Guia-del-practicum-per-a-estudiants\/wp-json\/wp\/v2\/pages\/77"}],"collection":[{"href":"http:\/\/guia-practicum-formacio-professorat.recursos.uoc.edu\/Guia-del-practicum-per-a-estudiants\/wp-json\/wp\/v2\/pages"}],"about":[{"href":"http:\/\/guia-practicum-formacio-professorat.recursos.uoc.edu\/Guia-del-practicum-per-a-estudiants\/wp-json\/wp\/v2\/types\/page"}],"author":[{"embeddable":true,"href":"http:\/\/guia-practicum-formacio-professorat.recursos.uoc.edu\/Guia-del-practicum-per-a-estudiants\/wp-json\/wp\/v2\/users\/1"}],"replies":[{"embeddable":true,"href":"http:\/\/guia-practicum-formacio-professorat.recursos.uoc.edu\/Guia-del-practicum-per-a-estudiants\/wp-json\/wp\/v2\/comments?post=77"}],"version-history":[{"count":6,"href":"http:\/\/guia-practicum-formacio-professorat.recursos.uoc.edu\/Guia-del-practicum-per-a-estudiants\/wp-json\/wp\/v2\/pages\/77\/revisions"}],"predecessor-version":[{"id":140,"href":"http:\/\/guia-practicum-formacio-professorat.recursos.uoc.edu\/Guia-del-practicum-per-a-estudiants\/wp-json\/wp\/v2\/pages\/77\/revisions\/140"}],"wp:attachment":[{"href":"http:\/\/guia-practicum-formacio-professorat.recursos.uoc.edu\/Guia-del-practicum-per-a-estudiants\/wp-json\/wp\/v2\/media?parent=77"}],"curies":[{"name":"wp","href":"https:\/\/api.w.org\/{rel}","templated":true}]}}