{"id":80,"date":"2023-07-17T13:12:40","date_gmt":"2023-07-17T11:12:40","guid":{"rendered":"http:\/\/guia-practicum-formacio-professorat.recursos.uoc.edu\/guia-pels-estudiants\/?page_id=80"},"modified":"2023-07-19T13:50:49","modified_gmt":"2023-07-19T11:50:49","slug":"4-1-les-fases-del-practicum","status":"publish","type":"page","link":"http:\/\/guia-practicum-formacio-professorat.recursos.uoc.edu\/Guia-del-practicum-per-a-estudiants\/4-1-les-fases-del-practicum\/","title":{"rendered":"4.1. Les fases del Pr\u00e0cticum"},"content":{"rendered":"<p>El Pr\u00e0cticum consta de <strong>14 cr\u00e8dits ECTS<\/strong>, que equivalen a <strong>350 hores de dedicaci\u00f3<\/strong> de l\u2019estudiantat. Aquesta dedicaci\u00f3 s\u2019estructura al voltant de dues tipologies d\u2019activitats obligat\u00f2ries que tenen lloc de manera paral\u00b7lela i interrelacionada:<\/p>\n<ul>\n<li><strong>250 hores d\u2019activitat presencial al centre de pr\u00e0ctiques<\/strong>, on l\u2019estudiantat observa i posa en pr\u00e0ctica diverses dimensions de l\u2019acci\u00f3 educativa (l\u2019elaboraci\u00f3 de programacions did\u00e0ctiques, la preparaci\u00f3 d\u2019avaluacions, el disseny d\u2019activitats competencials, la gesti\u00f3 d\u2019aula, el treball cooperatiu, les tutories grupals i individuals, el treball amb l\u2019entorn, les reunions amb les fam\u00edlies, etc.).<\/li>\n<li><strong>100 hores d\u2019activitat no presencial a l\u2019aula virtual de la UOC<\/strong>, les quals es concreten en la realitzaci\u00f3 de les proves d\u2019avaluaci\u00f3 cont\u00ednua (PAC), mitjan\u00e7ant les quals l\u2019estudiantat analitza i avalua les activitats dutes a terme al centre i hi reflexiona.<\/li>\n<\/ul>\n<p>Quant a l\u2019activitat a l\u2019aula virtual de la UOC, cal tenir en compte que el per\u00edode lectiu comen\u00e7a a l\u2019octubre i dura fins al maig. Pel que fa a l\u2019activitat presencial al centre, l\u2019estudiantat s\u2019incorpora al centre a partir de la segona setmana de novembre i finalitza les pr\u00e0ctiques aproximadament un mes abans del tancament del curs escolar (a l\u2019abril).<\/p>\n<p>Les 250 hores d\u2019activitat presencial al centre de pr\u00e0ctiques es distribueixen en tres fases diferenciades i amb distinta duraci\u00f3. La distribuci\u00f3 exacta del total d\u2019hores per a les tres fases es concreta al pla de treball que l\u2019estudiantat ha de consensuar amb la persona mentora del centre a l\u2019inici de les pr\u00e0ctiques, i que ha de presentar al professorat del Pr\u00e0cticum de la Universitat perqu\u00e8 el validi. Les tres fases del Pr\u00e0cticum s\u00f3n les seg\u00fcents:<\/p>\n<ol>\n<li><strong>Fase d\u2019observaci\u00f3, amb una durada d\u2019entre 2 i 3 setmanes i un total de 40-45 hores.<br \/>\n<\/strong>Aquest per\u00edode compr\u00e8n l\u2019entrada al centre de pr\u00e0ctiques i el coneixement de l\u2019espai. L\u2019estudiantat estableix un primer contacte amb la vida escolar del centre i analitza en profunditat els aspectes d\u2019organitzaci\u00f3 i de gesti\u00f3, la relaci\u00f3 amb l\u2019entorn, la coordinaci\u00f3 amb els serveis externs, els diferents perfils professionals que hi intervenen, i tamb\u00e9 els rols i les funcions que desenvolupa la seva mentoria.<\/li>\n<li><strong>Fase d\u2019intervenci\u00f3 acompanyada, amb una durada d\u2019entre 5 i 6 setmanes i un total de 125-130 hores.<br \/>\n<\/strong>En aquest segon per\u00edode, l\u2019estudiantat duu a terme intervencions puntuals amb el professorat, l\u2019alumnat i les fam\u00edlies, amb el suport i la supervisi\u00f3 de la persona mentora del centre, d\u2019una banda, i el seguiment i la reflexi\u00f3 del professorat del Pr\u00e0cticum de la Universitat, de l\u2019altra. En aquest moment, l\u2019estudiantat tamb\u00e9 planifica les intervencions educatives i dissenya les unitats de programaci\u00f3 que aplicar\u00e0 m\u00e9s endavant, amb el suport de la mentoria.<\/li>\n<li><strong>Fase d\u2019intervenci\u00f3 aut\u00f2noma, amb una durada d\u2019entre 3 i 5 setmanes i un total de 80-90 hores.<br \/>\n<\/strong>En aquesta tercera i \u00faltima fase, l\u2019estudiantat implementa la intervenci\u00f3 o la programaci\u00f3 did\u00e0ctica dissenyada a la fase anterior i en fa el seguiment i l\u2019avaluaci\u00f3. Tamb\u00e9 actua com a docent responsable d\u2019un grup d\u2019estudiants o com a responsable d\u2019una situaci\u00f3 d\u2019intervenci\u00f3, prenent les decisions que corresponguin per gestionar l\u2019aula, i reflexionant en profunditat sobre la pr\u00f2pia pr\u00e0ctica docent.<\/li>\n<\/ol>\n<div class=\"featured featured-blue\"><p>L\u2019horari de perman\u00e8ncia al centre no pot superar les 24 hores establertes a la normativa docent. No es preveuen excepcions en l\u2019aplicaci\u00f3 d\u2019aquesta normativa.<\/p>\n<\/div>\n","protected":false},"excerpt":{"rendered":"<p>El Pr\u00e0cticum consta de 14 cr\u00e8dits ECTS, que equivalen a 350 hores de dedicaci\u00f3 de l\u2019estudiantat. Aquesta dedicaci\u00f3 s\u2019estructura al voltant de dues tipologies d\u2019activitats obligat\u00f2ries que tenen lloc de manera paral\u00b7lela i interrelacionada: 250 hores d\u2019activitat presencial al centre de pr\u00e0ctiques, on l\u2019estudiantat observa i posa en pr\u00e0ctica diverses dimensions de l\u2019acci\u00f3 educativa (l\u2019elaboraci\u00f3 [&hellip;]<\/p>\n","protected":false},"author":1,"featured_media":0,"parent":0,"menu_order":0,"comment_status":"closed","ping_status":"closed","template":"","meta":[],"acf":[],"_links":{"self":[{"href":"http:\/\/guia-practicum-formacio-professorat.recursos.uoc.edu\/Guia-del-practicum-per-a-estudiants\/wp-json\/wp\/v2\/pages\/80"}],"collection":[{"href":"http:\/\/guia-practicum-formacio-professorat.recursos.uoc.edu\/Guia-del-practicum-per-a-estudiants\/wp-json\/wp\/v2\/pages"}],"about":[{"href":"http:\/\/guia-practicum-formacio-professorat.recursos.uoc.edu\/Guia-del-practicum-per-a-estudiants\/wp-json\/wp\/v2\/types\/page"}],"author":[{"embeddable":true,"href":"http:\/\/guia-practicum-formacio-professorat.recursos.uoc.edu\/Guia-del-practicum-per-a-estudiants\/wp-json\/wp\/v2\/users\/1"}],"replies":[{"embeddable":true,"href":"http:\/\/guia-practicum-formacio-professorat.recursos.uoc.edu\/Guia-del-practicum-per-a-estudiants\/wp-json\/wp\/v2\/comments?post=80"}],"version-history":[{"count":3,"href":"http:\/\/guia-practicum-formacio-professorat.recursos.uoc.edu\/Guia-del-practicum-per-a-estudiants\/wp-json\/wp\/v2\/pages\/80\/revisions"}],"predecessor-version":[{"id":118,"href":"http:\/\/guia-practicum-formacio-professorat.recursos.uoc.edu\/Guia-del-practicum-per-a-estudiants\/wp-json\/wp\/v2\/pages\/80\/revisions\/118"}],"wp:attachment":[{"href":"http:\/\/guia-practicum-formacio-professorat.recursos.uoc.edu\/Guia-del-practicum-per-a-estudiants\/wp-json\/wp\/v2\/media?parent=80"}],"curies":[{"name":"wp","href":"https:\/\/api.w.org\/{rel}","templated":true}]}}