{"id":91,"date":"2023-07-17T13:28:30","date_gmt":"2023-07-17T11:28:30","guid":{"rendered":"http:\/\/guia-practicum-formacio-professorat.recursos.uoc.edu\/guia-pels-estudiants\/?page_id=91"},"modified":"2023-08-29T20:57:09","modified_gmt":"2023-08-29T18:57:09","slug":"4-3-el-practicum-i-el-tfm","status":"publish","type":"page","link":"http:\/\/guia-practicum-formacio-professorat.recursos.uoc.edu\/Guia-del-practicum-per-a-estudiants\/4-3-el-practicum-i-el-tfm\/","title":{"rendered":"4.3. El Pr\u00e0cticum i el TFM"},"content":{"rendered":"<p>Tot i que el Pr\u00e0cticum i el TFM (Treball de final de m\u00e0ster) s\u00f3n dues assignatures ben diferenciades, amb c\u00e0rregues hor\u00e0ries i itineraris formatius propis, \u00e9s del tot convenient que durant el per\u00edode de pr\u00e0ctiques l\u2019estudiantat reflexioni sobre possibles q\u00fcestions, tem\u00e0tiques o problem\u00e0tiques educatives vinculades a la seva especialitat, i identificades durant el per\u00edode de pr\u00e0ctiques, perqu\u00e8 hi pugui aprofundir al treball de final de m\u00e0ster. A partir de les necessitats o les problem\u00e0tiques identificades al llarg de les tres fases del Pr\u00e0cticum, l\u2019estudiantat pot, per exemple, formular possibles preguntes d\u2019investigaci\u00f3 que, m\u00e9s endavant, el poden ajudar a delimitar el problema de recerca i a formular-lo amb m\u00e9s precisi\u00f3, amb el guiatge de la tutoria del TFM.<\/p>\n<div class=\"featured featured-blue\"><p>El plantejament de bones preguntes d\u2019investigaci\u00f3 al llarg del Pr\u00e0cticum permet dissenyar i desenvolupar un TFM adre\u00e7at a respondre-les. L\u2019estudiantat pot deixar const\u00e0ncia de les reflexions al voltant d\u2019aquestes preguntes a les entrades del diari de pr\u00e0ctiques de la PAC 4.<\/p>\n<\/div>\n","protected":false},"excerpt":{"rendered":"<p>Tot i que el Pr\u00e0cticum i el TFM (Treball de final de m\u00e0ster) s\u00f3n dues assignatures ben diferenciades, amb c\u00e0rregues hor\u00e0ries i itineraris formatius propis, \u00e9s del tot convenient que durant el per\u00edode de pr\u00e0ctiques l\u2019estudiantat reflexioni sobre possibles q\u00fcestions, tem\u00e0tiques o problem\u00e0tiques educatives vinculades a la seva especialitat, i identificades durant el per\u00edode de [&hellip;]<\/p>\n","protected":false},"author":1,"featured_media":0,"parent":0,"menu_order":0,"comment_status":"closed","ping_status":"closed","template":"","meta":[],"acf":[],"_links":{"self":[{"href":"http:\/\/guia-practicum-formacio-professorat.recursos.uoc.edu\/Guia-del-practicum-per-a-estudiants\/wp-json\/wp\/v2\/pages\/91"}],"collection":[{"href":"http:\/\/guia-practicum-formacio-professorat.recursos.uoc.edu\/Guia-del-practicum-per-a-estudiants\/wp-json\/wp\/v2\/pages"}],"about":[{"href":"http:\/\/guia-practicum-formacio-professorat.recursos.uoc.edu\/Guia-del-practicum-per-a-estudiants\/wp-json\/wp\/v2\/types\/page"}],"author":[{"embeddable":true,"href":"http:\/\/guia-practicum-formacio-professorat.recursos.uoc.edu\/Guia-del-practicum-per-a-estudiants\/wp-json\/wp\/v2\/users\/1"}],"replies":[{"embeddable":true,"href":"http:\/\/guia-practicum-formacio-professorat.recursos.uoc.edu\/Guia-del-practicum-per-a-estudiants\/wp-json\/wp\/v2\/comments?post=91"}],"version-history":[{"count":3,"href":"http:\/\/guia-practicum-formacio-professorat.recursos.uoc.edu\/Guia-del-practicum-per-a-estudiants\/wp-json\/wp\/v2\/pages\/91\/revisions"}],"predecessor-version":[{"id":124,"href":"http:\/\/guia-practicum-formacio-professorat.recursos.uoc.edu\/Guia-del-practicum-per-a-estudiants\/wp-json\/wp\/v2\/pages\/91\/revisions\/124"}],"wp:attachment":[{"href":"http:\/\/guia-practicum-formacio-professorat.recursos.uoc.edu\/Guia-del-practicum-per-a-estudiants\/wp-json\/wp\/v2\/media?parent=91"}],"curies":[{"name":"wp","href":"https:\/\/api.w.org\/{rel}","templated":true}]}}