{"id":99,"date":"2023-07-17T13:33:30","date_gmt":"2023-07-17T11:33:30","guid":{"rendered":"http:\/\/guia-practicum-formacio-professorat.recursos.uoc.edu\/guia-pels-estudiants\/?page_id=99"},"modified":"2023-10-03T12:34:19","modified_gmt":"2023-10-03T10:34:19","slug":"4-5-laula-virtual","status":"publish","type":"page","link":"http:\/\/guia-practicum-formacio-professorat.recursos.uoc.edu\/Guia-del-practicum-per-a-estudiants\/4-5-laula-virtual\/","title":{"rendered":"4.5. L\u2019aula virtual"},"content":{"rendered":"<p>Mentre que la interacci\u00f3 de l\u2019estudiantat amb la mentoria del centre de pr\u00e0ctiques es fa de manera presencial, la interacci\u00f3 amb el professorat del Pr\u00e0cticum de la Universitat es duu a terme de manera virtual i as\u00edncrona mitjan\u00e7ant l\u2019aula virtual de la UOC.<\/p>\n<p>L\u2019aula virtual \u00e9s l\u2019espai en qu\u00e8 s\u2019organitzen els recursos, les eines i la informaci\u00f3 que l\u2019estudiantat necessita per poder desenvolupar correctament el seu aprenentatge al llarg de l\u2019assignatura. Tamb\u00e9 \u00e9s l\u2019entorn mitjan\u00e7ant el qual el professorat de la Universitat presenta i avalua les activitats d\u2019aprenentatge, fa el seguiment de l\u2019estudiantat al llarg del Pr\u00e0cticum i li ofereix una retroacci\u00f3 sobre la feina feta.<\/p>\n<p>Per mitj\u00e0 de l\u2019aula virtual i de les eines i els espais de comunicaci\u00f3 que ofereix, l\u2019estudiantat pot interactuar tant amb el professorat com amb els companys i les companyes de l\u2019aula. Aquesta aula virtual ofereix funcions diverses, com ara les seg\u00fcents:<\/p>\n<ul>\n<li>Serveix perqu\u00e8 el professorat del Pr\u00e0cticum faci comunicacions generals i doni orientacions b\u00e0siques al grup en relaci\u00f3 amb les activitats d\u2019avaluaci\u00f3 cont\u00ednua: els terminis de lliurament, les caracter\u00edstiques, etc.<\/li>\n<li>Facilita la comunicaci\u00f3 entre les persones que constitueixen el grup-aula, i els proporciona un espai per compartir dubtes, experi\u00e8ncies i aprenentatges a manera de xarxa de suport rec\u00edproc.<\/li>\n<li>Proveeix f\u00f2rums de debat sobre tem\u00e0tiques concretes proposades i moderades pel professorat del Pr\u00e0cticum.<\/li>\n<li>Aglutina diverses eines que permeten construir conjuntament el coneixement i el treball transversal d\u2019alguns aspectes de l\u2019assignatura: portafolis, eines de presentaci\u00f3 en v\u00eddeo, etc.<\/li>\n<\/ul>\n","protected":false},"excerpt":{"rendered":"<p>Mentre que la interacci\u00f3 de l\u2019estudiantat amb la mentoria del centre de pr\u00e0ctiques es fa de manera presencial, la interacci\u00f3 amb el professorat del Pr\u00e0cticum de la Universitat es duu a terme de manera virtual i as\u00edncrona mitjan\u00e7ant l\u2019aula virtual de la UOC. L\u2019aula virtual \u00e9s l\u2019espai en qu\u00e8 s\u2019organitzen els recursos, les eines i [&hellip;]<\/p>\n","protected":false},"author":1,"featured_media":0,"parent":0,"menu_order":0,"comment_status":"closed","ping_status":"closed","template":"","meta":[],"acf":[],"_links":{"self":[{"href":"http:\/\/guia-practicum-formacio-professorat.recursos.uoc.edu\/Guia-del-practicum-per-a-estudiants\/wp-json\/wp\/v2\/pages\/99"}],"collection":[{"href":"http:\/\/guia-practicum-formacio-professorat.recursos.uoc.edu\/Guia-del-practicum-per-a-estudiants\/wp-json\/wp\/v2\/pages"}],"about":[{"href":"http:\/\/guia-practicum-formacio-professorat.recursos.uoc.edu\/Guia-del-practicum-per-a-estudiants\/wp-json\/wp\/v2\/types\/page"}],"author":[{"embeddable":true,"href":"http:\/\/guia-practicum-formacio-professorat.recursos.uoc.edu\/Guia-del-practicum-per-a-estudiants\/wp-json\/wp\/v2\/users\/1"}],"replies":[{"embeddable":true,"href":"http:\/\/guia-practicum-formacio-professorat.recursos.uoc.edu\/Guia-del-practicum-per-a-estudiants\/wp-json\/wp\/v2\/comments?post=99"}],"version-history":[{"count":3,"href":"http:\/\/guia-practicum-formacio-professorat.recursos.uoc.edu\/Guia-del-practicum-per-a-estudiants\/wp-json\/wp\/v2\/pages\/99\/revisions"}],"predecessor-version":[{"id":147,"href":"http:\/\/guia-practicum-formacio-professorat.recursos.uoc.edu\/Guia-del-practicum-per-a-estudiants\/wp-json\/wp\/v2\/pages\/99\/revisions\/147"}],"wp:attachment":[{"href":"http:\/\/guia-practicum-formacio-professorat.recursos.uoc.edu\/Guia-del-practicum-per-a-estudiants\/wp-json\/wp\/v2\/media?parent=99"}],"curies":[{"name":"wp","href":"https:\/\/api.w.org\/{rel}","templated":true}]}}